{"id":1228,"date":"2018-04-25T20:19:31","date_gmt":"2018-04-25T18:19:31","guid":{"rendered":"https:\/\/www.busclassic.org\/?page_id=1228"},"modified":"2025-06-17T16:02:41","modified_gmt":"2025-06-17T14:02:41","slug":"inscripcio-i-reglament","status":"publish","type":"page","link":"https:\/\/www.busclassic.org\/ca\/inscripcio-i-reglament\/","title":{"rendered":"Inscripcions de vehicles 2025"},"content":{"rendered":"\n<p>Omple el seg\u00fcent formulari i preinscriu-te gratu\u00eftament a l&#8217;<strong>Exposici\u00f3 d&#8217;autobusos cl\u00e0ssics de Barcelona (edici\u00f3 2025)<\/strong>.<\/p>\n\n\n\n<p>Nota: Els camps marcats amb un asterisc (<strong>*<\/strong>) s\u00f3n obligatoris.<br>Nota: La mida m\u00e0xima dels fitxers adjunts \u00e9s de 2 Mb per fitxer.<\/p>\n\n\n<p><div class=\"cf7sg-container\"><div id=\"cf7sg-form-expo-2025\" class=\"cf7-smart-grid has-grid key_expo-2025\">\n<div class=\"wpcf7 no-js\" id=\"wpcf7-f4655-o1\" lang=\"ca\" dir=\"ltr\" data-wpcf7-id=\"4655\">\n<div class=\"screen-reader-response\"><p role=\"status\" aria-live=\"polite\" aria-atomic=\"true\"><\/p> <ul><\/ul><\/div>\n<form action=\"\/ca\/wp-json\/wp\/v2\/pages\/1228#wpcf7-f4655-o1\" method=\"post\" class=\"wpcf7-form init\" aria-label=\"Formulari de contacte\" enctype=\"multipart\/form-data\" novalidate=\"novalidate\" data-status=\"init\">\n<fieldset class=\"hidden-fields-container\"><input type=\"hidden\" name=\"_wpcf7\" value=\"4655\" \/><input type=\"hidden\" name=\"_wpcf7_version\" value=\"6.1.5\" \/><input type=\"hidden\" name=\"_wpcf7_locale\" value=\"ca\" \/><input type=\"hidden\" name=\"_wpcf7_unit_tag\" value=\"wpcf7-f4655-o1\" \/><input type=\"hidden\" name=\"_wpcf7_container_post\" value=\"0\" \/><input type=\"hidden\" name=\"_wpcf7_posted_data_hash\" value=\"\" \/><input type=\"hidden\" name=\"_wpcf7_key\" value=\"expo-2025\" \/><input type=\"hidden\" name=\"_cf7sg_toggles\" value=\"\" \/><input type=\"hidden\" name=\"_cf7sg_version\" value=\"4.15.8\" \/><input type=\"hidden\" name=\"_wpnonce\" value=\"5cd18583ac\" \/>\n<\/fieldset>\n<div class=\"container\">\n  <div class=\"row\">\n    <div class=\"columns full\">\n      <h3>Vehicle<\/h3>\n    <\/div>\n  <\/div>\n  <div class=\"row\">\n    <div class=\"columns full\">\n      <div class=\"field text required\"><label>Vehicle marca<em>*<\/em><\/label><span class=\"wpcf7-form-control-wrap\" data-name=\"vehicle-marca\"><input size=\"40\" maxlength=\"400\" class=\"wpcf7-form-control wpcf7-text wpcf7-validates-as-required\" aria-required=\"true\" aria-invalid=\"false\" value=\"\" type=\"text\" name=\"vehicle-marca\" \/><\/span>\n        <p class=\"info-tip\"><\/p>\n      <\/div>\n    <\/div>\n  <\/div>\n  <div class=\"row\">\n    <div class=\"columns full\">\n      <div class=\"field number required\"><label>Any de construcci\u00f3<em>*<\/em><\/label><span class=\"wpcf7-form-control-wrap\" data-name=\"any-construccio\"><input class=\"wpcf7-form-control wpcf7-number wpcf7-validates-as-required wpcf7-validates-as-number\" min=\"1900\" max=\"2022\" aria-required=\"true\" aria-invalid=\"false\" value=\"\" type=\"number\" name=\"any-construccio\" \/><\/span>\n        <p class=\"info-tip\"><\/p>\n      <\/div>\n    <\/div>\n  <\/div>\n  <div class=\"row\">\n    <div class=\"columns full\">\n      <div class=\"field text required\"><label>Model<em>*<\/em><\/label><span class=\"wpcf7-form-control-wrap\" data-name=\"model\"><input size=\"40\" maxlength=\"400\" class=\"wpcf7-form-control wpcf7-text wpcf7-validates-as-required\" aria-required=\"true\" aria-invalid=\"false\" value=\"\" type=\"text\" name=\"model\" \/><\/span>\n        <p class=\"info-tip\"><\/p>\n      <\/div>\n    <\/div>\n  <\/div>\n  <div class=\"row\">\n    <div class=\"columns full\">\n      <div class=\"field number required\"><label>Nombre de places \u00fatils<em>*<\/em><\/label><span class=\"wpcf7-form-control-wrap\" data-name=\"places-utils\"><input class=\"wpcf7-form-control wpcf7-number wpcf7-validates-as-required wpcf7-validates-as-number\" min=\"1\" max=\"90\" aria-required=\"true\" aria-invalid=\"false\" value=\"\" type=\"number\" name=\"places-utils\" \/><\/span>\n        <p class=\"info-tip\"><\/p>\n      <\/div>\n    <\/div>\n  <\/div>\n  <div class=\"row\">\n    <div class=\"columns full\">\n      <div class=\"field text required\"><label>Matr\u00edcula<em>*<\/em><\/label><span class=\"wpcf7-form-control-wrap\" data-name=\"matricula\"><input size=\"40\" maxlength=\"400\" class=\"wpcf7-form-control wpcf7-text wpcf7-validates-as-required\" aria-required=\"true\" aria-invalid=\"false\" value=\"\" type=\"text\" name=\"matricula\" \/><\/span>\n        <p class=\"info-tip\"><\/p>\n      <\/div>\n    <\/div>\n  <\/div>\n<\/div>\n<div class=\"container\">\n  <div class=\"row\">\n    <div class=\"columns full\">\n      <h3>Propietari<\/h3>\n    <\/div>\n  <\/div>\n  <div class=\"row\">\n    <div class=\"columns full\">\n      <div class=\"field text required\"><label>Propietari<em>*<\/em><\/label><span class=\"wpcf7-form-control-wrap\" data-name=\"propietari\"><input size=\"40\" maxlength=\"400\" class=\"wpcf7-form-control wpcf7-text wpcf7-validates-as-required\" aria-required=\"true\" aria-invalid=\"false\" value=\"\" type=\"text\" name=\"propietari\" \/><\/span>\n        <p class=\"info-tip\"><\/p>\n      <\/div>\n    <\/div>\n  <\/div>\n  <div class=\"row\">\n    <div class=\"columns full\">\n      <div class=\"field text\"><label>NIF \/ CIF<\/label><span class=\"wpcf7-form-control-wrap\" data-name=\"nif-cif\"><input size=\"40\" maxlength=\"400\" class=\"wpcf7-form-control wpcf7-text\" aria-invalid=\"false\" value=\"\" type=\"text\" name=\"nif-cif\" \/><\/span>\n        <p class=\"info-tip\"><\/p>\n      <\/div>\n    <\/div>\n  <\/div>\n  <div class=\"row\">\n    <div class=\"columns full\">\n      <div class=\"field email required\"><label>Email<em>*<\/em><\/label><span class=\"wpcf7-form-control-wrap\" data-name=\"email\"><input size=\"40\" maxlength=\"400\" class=\"wpcf7-form-control wpcf7-email wpcf7-validates-as-required wpcf7-text wpcf7-validates-as-email\" aria-required=\"true\" aria-invalid=\"false\" value=\"\" type=\"email\" name=\"email\" \/><\/span>\n        <p class=\"info-tip\"><\/p>\n      <\/div>\n    <\/div>\n  <\/div>\n  <div class=\"row\">\n    <div class=\"columns full\">\n      <div class=\"field url\"><label>Web<\/label><span class=\"wpcf7-form-control-wrap\" data-name=\"web\"><input size=\"40\" maxlength=\"400\" class=\"wpcf7-form-control wpcf7-url wpcf7-text wpcf7-validates-as-url\" aria-invalid=\"false\" value=\"\" type=\"url\" name=\"web\" \/><\/span>\n        <p class=\"info-tip\"><\/p>\n      <\/div>\n    <\/div>\n  <\/div>\n  <div class=\"row\">\n    <div class=\"columns full\">\n      <div class=\"field text required\"><label>Domicili<em>*<\/em><\/label><span class=\"wpcf7-form-control-wrap\" data-name=\"domicili\"><input size=\"40\" maxlength=\"400\" class=\"wpcf7-form-control wpcf7-text wpcf7-validates-as-required\" aria-required=\"true\" aria-invalid=\"false\" value=\"\" type=\"text\" name=\"domicili\" \/><\/span>\n        <p class=\"info-tip\"><\/p>\n      <\/div>\n    <\/div>\n  <\/div>\n  <div class=\"row\">\n    <div class=\"columns full\">\n      <div class=\"field text required\"><label>Codi postal<em>*<\/em><\/label><span class=\"wpcf7-form-control-wrap\" data-name=\"codi-postal\"><input size=\"40\" maxlength=\"400\" class=\"wpcf7-form-control wpcf7-text wpcf7-validates-as-required\" aria-required=\"true\" aria-invalid=\"false\" value=\"\" type=\"text\" name=\"codi-postal\" \/><\/span>\n        <p class=\"info-tip\"><\/p>\n      <\/div>\n    <\/div>\n  <\/div>\n  <div class=\"row\">\n    <div class=\"columns full\">\n      <div class=\"field text required\"><label>Municipi<em>*<\/em><\/label><span class=\"wpcf7-form-control-wrap\" data-name=\"municipi\"><input size=\"40\" maxlength=\"400\" class=\"wpcf7-form-control wpcf7-text wpcf7-validates-as-required\" aria-required=\"true\" aria-invalid=\"false\" value=\"\" type=\"text\" name=\"municipi\" \/><\/span>\n        <p class=\"info-tip\"><\/p>\n      <\/div>\n    <\/div>\n  <\/div>\n  <div class=\"row\">\n    <div class=\"columns full\">\n      <div class=\"field text required\"><label>Prov\u00edncia<em>*<\/em><\/label><span class=\"wpcf7-form-control-wrap\" data-name=\"provincia\"><input size=\"40\" maxlength=\"400\" class=\"wpcf7-form-control wpcf7-text wpcf7-validates-as-required\" aria-required=\"true\" aria-invalid=\"false\" value=\"\" type=\"text\" name=\"provincia\" \/><\/span>\n        <p class=\"info-tip\"><\/p>\n      <\/div>\n    <\/div>\n  <\/div>\n  <div class=\"row\">\n    <div class=\"columns full\">\n      <div class=\"field text required\"><label>Pa\u00eds<em>*<\/em><\/label><span class=\"wpcf7-form-control-wrap\" data-name=\"pais\"><input size=\"40\" maxlength=\"400\" class=\"wpcf7-form-control wpcf7-text wpcf7-validates-as-required\" aria-required=\"true\" aria-invalid=\"false\" value=\"\" type=\"text\" name=\"pais\" \/><\/span>\n        <p class=\"info-tip\"><\/p>\n      <\/div>\n    <\/div>\n  <\/div>\n<\/div>\n<div class=\"container\">\n  <div class=\"row\">\n    <div class=\"columns full\">\n      <h3>Conductors<\/h3>\n    <\/div>\n  <\/div>\n  <div class=\"row\">\n    <div class=\"columns full\">\n      <div class=\"field text required\"><label>Conductor<em>*<\/em><\/label><span class=\"wpcf7-form-control-wrap\" data-name=\"conductor\"><input size=\"40\" maxlength=\"400\" class=\"wpcf7-form-control wpcf7-text wpcf7-validates-as-required\" aria-required=\"true\" aria-invalid=\"false\" value=\"\" type=\"text\" name=\"conductor\" \/><\/span>\n        <p class=\"info-tip\"><\/p>\n      <\/div>\n    <\/div>\n  <\/div>\n  <div class=\"row\">\n    <div class=\"columns full\">\n      <div class=\"field tel required\"><label>Tel\u00e8fon m\u00f2bil conductor<em>*<\/em><\/label><span class=\"wpcf7-form-control-wrap\" data-name=\"telefon-conductor\"><input size=\"40\" maxlength=\"400\" class=\"wpcf7-form-control wpcf7-tel wpcf7-validates-as-required wpcf7-text wpcf7-validates-as-tel\" aria-required=\"true\" aria-invalid=\"false\" value=\"\" type=\"tel\" name=\"telefon-conductor\" \/><\/span>\n        <p class=\"info-tip\"><\/p>\n      <\/div>\n    <\/div>\n  <\/div>\n  <div class=\"row\">\n    <div class=\"columns full\">\n      <div class=\"field text\"><label>Acompanyant<\/label><span class=\"wpcf7-form-control-wrap\" data-name=\"acompanyant\"><input size=\"40\" maxlength=\"400\" class=\"wpcf7-form-control wpcf7-text\" aria-invalid=\"false\" value=\"\" type=\"text\" name=\"acompanyant\" \/><\/span>\n        <p class=\"info-tip\"><\/p>\n      <\/div>\n    <\/div>\n  <\/div>\n  <div class=\"row\">\n    <div class=\"columns full\">\n      <div class=\"field tel\"><label>Tel\u00e8fon m\u00f2bil acompanyant<\/label><span class=\"wpcf7-form-control-wrap\" data-name=\"telefon-acompanyant\"><input size=\"40\" maxlength=\"400\" class=\"wpcf7-form-control wpcf7-tel wpcf7-text wpcf7-validates-as-tel\" aria-invalid=\"false\" value=\"\" type=\"tel\" name=\"telefon-acompanyant\" \/><\/span>\n        <p class=\"info-tip\"><\/p>\n      <\/div>\n    <\/div>\n  <\/div>\n<\/div>\n<div class=\"container\">\n  <div class=\"row\">\n    <div class=\"columns full\">\n      <h3>Documentaci\u00f3 del vehicle<\/h3>\n    <\/div>\n  <\/div>\n  <div class=\"row\">\n    <div class=\"columns one-half\">\n      <div class=\"field file required\"><label>Fitxa t\u00e8cnica<em>*<\/em><\/label><span class=\"wpcf7-form-control-wrap\" data-name=\"fitxa-tecnica\"><input size=\"40\" class=\"wpcf7-form-control wpcf7-file wpcf7-validates-as-required\" accept=\".jpg,.jpeg,.png,.gif,.tif,.tiff,.pdf,.doc,.docx,.ppt,.pptx,.odt\" aria-required=\"true\" aria-invalid=\"false\" type=\"file\" name=\"fitxa-tecnica\" \/><\/span>\n        <p class=\"info-tip\"><\/p>\n      <\/div>\n    <\/div>\n    <div class=\"columns one-half\">\n      <div class=\"field file required\"><label>Perm\u00eds de circulaci\u00f3<em>*<\/em><\/label><span class=\"wpcf7-form-control-wrap\" data-name=\"permis-circulacio\"><input size=\"40\" class=\"wpcf7-form-control wpcf7-file wpcf7-validates-as-required\" accept=\".jpg,.jpeg,.png,.gif,.tif,.tiff,.pdf,.doc,.docx,.ppt,.pptx,.odt\" aria-required=\"true\" aria-invalid=\"false\" type=\"file\" name=\"permis-circulacio\" \/><\/span>\n        <p class=\"info-tip\"><\/p>\n      <\/div>\n    <\/div>\n  <\/div>\n<\/div>\n<div class=\"container\">\n  <div class=\"row\">\n    <div class=\"columns one-half\">\n      <div class=\"field file required\"><label>Certificat d&#8217;ITV en vigor<em>*<\/em><\/label><span class=\"wpcf7-form-control-wrap\" data-name=\"itv\"><input size=\"40\" class=\"wpcf7-form-control wpcf7-file wpcf7-validates-as-required\" accept=\".jpg,.jpeg,.png,.gif,.tif,.tiff,.pdf,.doc,.docx,.ppt,.pptx,.odt\" aria-required=\"true\" aria-invalid=\"false\" type=\"file\" name=\"itv\" \/><\/span>\n        <p class=\"info-tip\"><\/p>\n      <\/div>\n    <\/div>\n    <div class=\"columns one-half\">\n      <div class=\"field file required\"><label>Fotoc\u00f2pia rebut asseguran\u00e7a<em>*<\/em><\/label><span class=\"wpcf7-form-control-wrap\" data-name=\"rebut-asseguranca\"><input size=\"40\" class=\"wpcf7-form-control wpcf7-file wpcf7-validates-as-required\" accept=\".jpg,.jpeg,.png,.gif,.tif,.tiff,.pdf,.doc,.docx,.ppt,.pptx,.odt\" aria-required=\"true\" aria-invalid=\"false\" type=\"file\" name=\"rebut-asseguranca\" \/><\/span>\n        <p class=\"info-tip\"><\/p>\n      <\/div>\n    <\/div>\n  <\/div>\n<\/div>\n<div class=\"container\">\n  <div class=\"row\">\n    <div class=\"columns full\">\n      <h3>Fotografies del vehicle<\/h3>\n    <\/div>\n  <\/div>\n  <div class=\"row\">\n    <div class=\"columns one-half\">\n      <div class=\"field file required\"><label>Lateral esquerre<em>*<\/em><\/label><span class=\"wpcf7-form-control-wrap\" data-name=\"foto-lat-esquerre\"><input size=\"40\" class=\"wpcf7-form-control wpcf7-file wpcf7-validates-as-required\" accept=\".jpg,.jpeg,.png,.gif,.tif,.tiff,.pdf,.ppt,.pptx,.odt\" aria-required=\"true\" aria-invalid=\"false\" type=\"file\" name=\"foto-lat-esquerre\" \/><\/span>\n        <p class=\"info-tip\"><\/p>\n      <\/div>\n    <\/div>\n    <div class=\"columns one-half\">\n      <div class=\"field file required\"><label>Lateral dret<em>*<\/em><\/label><span class=\"wpcf7-form-control-wrap\" data-name=\"foto-lat-dret\"><input size=\"40\" class=\"wpcf7-form-control wpcf7-file wpcf7-validates-as-required\" accept=\".jpg,.jpeg,.png,.gif,.tif,.tiff,.pdf,.ppt,.pptx,.odt\" aria-required=\"true\" aria-invalid=\"false\" type=\"file\" name=\"foto-lat-dret\" \/><\/span>\n        <p class=\"info-tip\"><\/p>\n      <\/div>\n    <\/div>\n  <\/div>\n<\/div>\n<div class=\"container\">\n  <div class=\"row\">\n    <div class=\"columns one-half\">\n      <div class=\"field file required\"><label>Davant<em>*<\/em><\/label><span class=\"wpcf7-form-control-wrap\" data-name=\"foto-davant\"><input size=\"40\" class=\"wpcf7-form-control wpcf7-file wpcf7-validates-as-required\" accept=\".jpg,.jpeg,.png,.gif,.tif,.tiff,.pdf,.ppt,.pptx,.odt\" aria-required=\"true\" aria-invalid=\"false\" type=\"file\" name=\"foto-davant\" \/><\/span>\n        <p class=\"info-tip\"><\/p>\n      <\/div>\n    <\/div>\n    <div class=\"columns one-half\">\n      <div class=\"field file required\"><label>Darrere<em>*<\/em><\/label><span class=\"wpcf7-form-control-wrap\" data-name=\"foto-darrere\"><input size=\"40\" class=\"wpcf7-form-control wpcf7-file wpcf7-validates-as-required\" accept=\".jpg,.jpeg,.png,.gif,.tif,.tiff,.pdf,.ppt,.pptx,.odt\" aria-required=\"true\" aria-invalid=\"false\" type=\"file\" name=\"foto-darrere\" \/><\/span>\n        <p class=\"info-tip\"><\/p>\n      <\/div>\n    <\/div>\n  <\/div>\n<\/div>\n<div class=\"container\">\n  <div class=\"row\">\n    <div class=\"columns full\">\n      <h3>Altres<\/h3>\n    <\/div>\n  <\/div>\n  <div class=\"row\">\n    <div class=\"columns full\">\n      <div class=\"field textarea\"><label>Comentaris<\/label><span class=\"wpcf7-form-control-wrap\" data-name=\"x5\"><textarea cols=\"40\" rows=\"10\" maxlength=\"2000\" class=\"wpcf7-form-control wpcf7-textarea\" aria-invalid=\"false\" name=\"x5\"><\/textarea><\/span>\n        <p class=\"info-tip\"><\/p>\n      <\/div>\n    <\/div>\n  <\/div>\n  <div class=\"row\">\n    <div class=\"columns full\">\n      <div class=\"field select required\"><label>En quin idioma vols rebre les comunicacions que fem amb tu?<em>*<\/em><\/label><span class=\"wpcf7-form-control-wrap\" data-name=\"idioma\"><select class=\"wpcf7-form-control wpcf7-select wpcf7-validates-as-required\" aria-required=\"true\" aria-invalid=\"false\" name=\"idioma\"><option value=\"Catal\u00e0\">Catal\u00e0<\/option><option value=\"Espa\u00f1ol\">Espa\u00f1ol<\/option><option value=\"English\">English<\/option><option value=\"Fran\u00e7ais\">Fran\u00e7ais<\/option><\/select><\/span>\n        <p class=\"info-tip\"><\/p>\n      <\/div>\n    <\/div>\n  <\/div>\n  <div class=\"row\">\n    <div class=\"columns full\">\n      <div class=\"field acceptance\"><label><\/label><span class=\"wpcf7-form-control-wrap\" data-name=\"ok-normativa\"><span class=\"wpcf7-form-control wpcf7-acceptance\"><span class=\"wpcf7-list-item\"><label><input type=\"checkbox\" name=\"ok-normativa\" value=\"1\" aria-invalid=\"false\" \/><span class=\"wpcf7-list-item-label\">Estic d&#8217;acord amb la normativa del Ral\u00b7li i accepto el compliment de les mateixes<\/span><\/label><\/span><\/span><\/span>\n        <p class=\"info-tip\">La comunicaci\u00f3 enviada quedar\u00e0 incorporada a un fitxer del que \u00e9s responsable ESTYOFY, S.L.. Les seves dades s\u00b4utilitzaran, exclusivament, per atendre la seva sol\u00b7licitud, sempre de conformitat amb el Reglament (UE) 2016\/679 (RGPD), la Llei Org\u00e0nica 3\/2018 de 5 de desembre (LOPD_GDD) Les seves dades no es comunicaran a tercers, excepte per obligaci\u00f3 legal, i es mantindran als nostres fitxers mentre no sol\u00b7liciti la seva cancel\u00b7laci\u00f3.<\/p>\n      <\/div>\n    <\/div>\n  <\/div>\n  <div class=\"row\">\n    <div class=\"columns full\">\n      <div class=\"field acceptance\"><label><\/label><span class=\"wpcf7-form-control-wrap\" data-name=\"ok-cessio-dades\"><span class=\"wpcf7-form-control wpcf7-acceptance\"><span class=\"wpcf7-list-item\"><label><input type=\"checkbox\" name=\"ok-cessio-dades\" value=\"1\" aria-invalid=\"false\" \/><span class=\"wpcf7-list-item-label\">Estic d&#8217;acord amb la cessi\u00f3 d&#8217;aquestes dades per a finalitats \u00fanicament de gesti\u00f3 a l&#8217;organitzaci\u00f3 del Ral\u00b7li<\/span><\/label><\/span><\/span><\/span>\n        <p class=\"info-tip\">En qualsevol moment vost\u00e8 podr\u00e0 exercir els drets d&#8217;acc\u00e9s, rectificaci\u00f3, portabilitat i oposici\u00f3, i, si s&#8217;escau, la limitaci\u00f3 i cancel\u00b7laci\u00f3 , comunicant-ho per escrit, indicant les seves dades personals a mitjan\u00e7ant l&#8217;enviament d&#8217;un correu electr\u00f2nic a lopd@sagales.com<\/p>\n      <\/div>\n    <\/div>\n  <\/div>\n<\/div>\n<div class=\"container\">\n  <div class=\"row\">\n    <div class=\"columns full\">\n      <div class=\"field\"><label><\/label><input class=\"wpcf7-form-control wpcf7-submit has-spinner\" type=\"submit\" value=\"Enviar inscripci\u00f3\" \/>\n        <p class=\"info-tip\"><\/p>\n      <\/div>\n    <\/div>\n  <\/div>\n<\/div><p style=\"display: none !important;\" class=\"akismet-fields-container\" data-prefix=\"_wpcf7_ak_\"><label>&#916;<textarea name=\"_wpcf7_ak_hp_textarea\" cols=\"45\" rows=\"8\" maxlength=\"100\"><\/textarea><\/label><input type=\"hidden\" id=\"ak_js_1\" name=\"_wpcf7_ak_js\" value=\"180\"\/><script>document.getElementById( \"ak_js_1\" ).setAttribute( \"value\", ( new Date() ).getTime() );<\/script><\/p><input type='hidden' class='wpcf7-pum' value='{\"closepopup\":false,\"closedelay\":0,\"openpopup\":false,\"openpopup_id\":0}' \/><div class=\"wpcf7-response-output\" aria-hidden=\"true\"><\/div>\n<\/form>\n<\/div>\n<\/div><\/div><\/p>\n\n\n\n<p>Les inscripcions quedaran tancades el dimecres 18 de juny a les 12.00 hores.<\/p>\n\n\n\n<p><strong>REGLAMENT<\/strong><\/p>\n\n\n\n<div data-wp-interactive=\"core\/file\" class=\"wp-block-file\"><object data-wp-bind--hidden=\"!state.hasPdfPreview\" hidden class=\"wp-block-file__embed\" data=\"https:\/\/www.busclassic.org\/wp-content\/uploads\/2025\/06\/2025-reglament-CAT-v3.1.pdf\" type=\"application\/pdf\" style=\"width:100%;height:600px\" aria-label=\"Incrustaci\u00f3 del fitxer 2025 reglament-CAT-v3.1.\"><\/object><a id=\"wp-block-file--media-b9ad25f8-73e3-45cd-8087-8ef1fc20f9d6\" href=\"https:\/\/www.busclassic.org\/wp-content\/uploads\/2025\/06\/2025-reglament-CAT-v3.1.pdf\" target=\"_blank\" rel=\"noreferrer noopener\">2025 reglament-CAT-v3.1<\/a><a href=\"https:\/\/www.busclassic.org\/wp-content\/uploads\/2025\/06\/2025-reglament-CAT-v3.1.pdf\" class=\"wp-block-file__button wp-element-button\" download aria-describedby=\"wp-block-file--media-b9ad25f8-73e3-45cd-8087-8ef1fc20f9d6\">Baixa<\/a><\/div>\n\n\n\n<p><strong>DECLARACI\u00d3 JURADA<\/strong><\/p>\n\n\n\n<p>El propietari es declara coneixedor de la totalitat del reglament de l&#8217;<strong>Exposici\u00f3 d&#8217;autobusos cl\u00e0ssics de Barcelona<\/strong> i l\u2019accepta en la seva totalitat pel fet de sol\u00b7licitar-hi la seva inscripci\u00f3, adjuntant a la present la documentaci\u00f3 que exigeix el reglament al seu article 4.2. Declara aix\u00ed mateix que les dades que subscriu en aquesta sol\u00b7licitud d\u2019inscripci\u00f3 s\u00f3n rigorosament exactes i que d\u2019acord amb els articles 4.2 i 12.1 del Reglament disposa de l\u2019asseguran\u00e7a obligat\u00f2ria per a la circulaci\u00f3, i que el conductor titular o substitut disposar\u00e0 en tot moment dels corresponents permisos administratius que li permetin el desenvolupament de les seves tasques eximint els organitzadors de qualsevol responsabilitat pels danys que pugui patir o ocasionar el seu vehicle en el transcurs del ral\u00b7li d\u2019acord al que s\u2019indica a l\u2019article 12.2.<\/p>\n","protected":false},"excerpt":{"rendered":"<p>Omple el seg\u00fcent formulari i preinscriu-te gratu\u00eftament a l&#8217;Exposici\u00f3 d&#8217;autobusos cl\u00e0ssics de Barcelona (edici\u00f3 2025). Nota: Els camps marcats amb un asterisc (*) s\u00f3n obligatoris.Nota: La mida m\u00e0xima dels fitxers adjunts \u00e9s de 2 Mb per fitxer. Les inscripcions quedaran tancades el dimecres 18 de juny a les 12.00 hores. REGLAMENT DECLARACI\u00d3 JURADA El propietari es declara coneixedor de la totalitat del reglament de l&#8217;Exposici\u00f3 d&#8217;autobusos cl\u00e0ssics de Barcelona i l\u2019accepta en la seva totalitat pel fet de sol\u00b7licitar-hi la seva inscripci\u00f3, adjuntant a la present la documentaci\u00f3 que exigeix el reglament al seu article 4.2. Declara aix\u00ed mateix que les dades que subscriu en aquesta sol\u00b7licitud d\u2019inscripci\u00f3 s\u00f3n rigorosament exactes i que d\u2019acord amb els articles 4.2 i 12.1 [&hellip;]<\/p>\n","protected":false},"author":1,"featured_media":0,"parent":0,"menu_order":0,"comment_status":"closed","ping_status":"closed","template":"page-templates\/page_fullwidth.php","meta":{"_exactmetrics_skip_tracking":false,"_exactmetrics_sitenote_active":false,"_exactmetrics_sitenote_note":"","_exactmetrics_sitenote_category":0,"footnotes":""},"class_list":["post-1228","page","type-page","status-publish","hentry"],"mb":[],"mfb_rest_fields":["title"],"_links":{"self":[{"href":"https:\/\/www.busclassic.org\/ca\/wp-json\/wp\/v2\/pages\/1228","targetHints":{"allow":["GET"]}}],"collection":[{"href":"https:\/\/www.busclassic.org\/ca\/wp-json\/wp\/v2\/pages"}],"about":[{"href":"https:\/\/www.busclassic.org\/ca\/wp-json\/wp\/v2\/types\/page"}],"author":[{"embeddable":true,"href":"https:\/\/www.busclassic.org\/ca\/wp-json\/wp\/v2\/users\/1"}],"replies":[{"embeddable":true,"href":"https:\/\/www.busclassic.org\/ca\/wp-json\/wp\/v2\/comments?post=1228"}],"version-history":[{"count":105,"href":"https:\/\/www.busclassic.org\/ca\/wp-json\/wp\/v2\/pages\/1228\/revisions"}],"predecessor-version":[{"id":5053,"href":"https:\/\/www.busclassic.org\/ca\/wp-json\/wp\/v2\/pages\/1228\/revisions\/5053"}],"wp:attachment":[{"href":"https:\/\/www.busclassic.org\/ca\/wp-json\/wp\/v2\/media?parent=1228"}],"curies":[{"name":"wp","href":"https:\/\/api.w.org\/{rel}","templated":true}]}}