{"id":1287,"date":"2018-04-26T06:51:08","date_gmt":"2018-04-26T04:51:08","guid":{"rendered":"https:\/\/www.busclassic.org\/?page_id=1287"},"modified":"2025-06-13T18:37:48","modified_gmt":"2025-06-13T16:37:48","slug":"historia-ralli","status":"publish","type":"page","link":"https:\/\/www.busclassic.org\/es\/historia-rally\/","title":{"rendered":"Historia"},"content":{"rendered":"<h3 class=\"wp-block-heading\">La Exposici\u00f3n de Autobuses Cl\u00e1sicos de Barcelona nace de los esfuerzos conjuntos de la empresa Sagal\u00e9s, la Fundaci\u00f3n TMB y la Asociaci\u00f3n para la Recuperaci\u00f3n y Conservaci\u00f3n de Autobuses (ARCA).<\/h3>\n\n\n\n<p>Se pretende revalorizar el patrimonio y la historia del transporte colectivo urbano y suburbano de superficie. Como poseedores de material hist\u00f3rico e implicados en su preservaci\u00f3n, conservaci\u00f3n y restauraci\u00f3n desde tres culturas distintas (empresa p\u00fablica, empresa privada y asociaci\u00f3n de voluntarios), se trabaja con el objetivo de darlo a conocer al p\u00fablico para que disfrute de un material que, por haber sido transporte colectivo, ha formado parte de la vida de muchos ciudadanos.<\/p>\n\n\n\n<p>El trabajo en equipo de los organizadores dio lugar en 2010 a la primera edici\u00f3n de un evento sin precedentes similares en la Pen\u00ednsula Ib\u00e9rica, con continuidad ininterrumpida hasta esta 11.\u00aa edici\u00f3n, adquiriendo car\u00e1cter internacional por la presencia de participantes extranjeros, ampliando cada a\u00f1o el n\u00famero de actividades paralelas y, sobre todo, con m\u00e1s veh\u00edculos participantes en cada edici\u00f3n.<\/p>\n\n\n\n<figure class=\"wp-block-image aligncenter\"><img loading=\"lazy\" decoding=\"async\" width=\"1024\" height=\"680\" src=\"https:\/\/www.busclassic.org\/wp-content\/uploads\/2018\/04\/3-1024x680.jpg\" alt=\"\" class=\"wp-image-716\" srcset=\"\" sizes=\"auto, (max-width: 1024px) 100vw, 1024px\" data-srcset=\"\" \/><\/figure>\n\n\n\n<p><\/p>","protected":false},"excerpt":{"rendered":"<p>Desde 2010, profesionales y voluntarios ofrecen una exposici\u00f3n que revaloriza el patrimonio del transporte colectivo urbano y suburbano con veh\u00edculos restaurados y actividades.<\/p>","protected":false},"author":2,"featured_media":0,"parent":0,"menu_order":0,"comment_status":"closed","ping_status":"closed","template":"page-templates\/page_fullwidth.php","meta":{"_exactmetrics_skip_tracking":false,"_exactmetrics_sitenote_active":false,"_exactmetrics_sitenote_note":"","_exactmetrics_sitenote_category":0,"footnotes":""},"class_list":["post-1287","page","type-page","status-publish","hentry"],"mb":[],"mfb_rest_fields":["title"],"_links":{"self":[{"href":"https:\/\/www.busclassic.org\/es\/wp-json\/wp\/v2\/pages\/1287","targetHints":{"allow":["GET"]}}],"collection":[{"href":"https:\/\/www.busclassic.org\/es\/wp-json\/wp\/v2\/pages"}],"about":[{"href":"https:\/\/www.busclassic.org\/es\/wp-json\/wp\/v2\/types\/page"}],"author":[{"embeddable":true,"href":"https:\/\/www.busclassic.org\/es\/wp-json\/wp\/v2\/users\/2"}],"replies":[{"embeddable":true,"href":"https:\/\/www.busclassic.org\/es\/wp-json\/wp\/v2\/comments?post=1287"}],"version-history":[{"count":20,"href":"https:\/\/www.busclassic.org\/es\/wp-json\/wp\/v2\/pages\/1287\/revisions"}],"predecessor-version":[{"id":4900,"href":"https:\/\/www.busclassic.org\/es\/wp-json\/wp\/v2\/pages\/1287\/revisions\/4900"}],"wp:attachment":[{"href":"https:\/\/www.busclassic.org\/es\/wp-json\/wp\/v2\/media?parent=1287"}],"curies":[{"name":"wp","href":"https:\/\/api.w.org\/{rel}","templated":true}]}}