{"id":1254,"date":"2018-04-26T06:45:32","date_gmt":"2018-04-26T04:45:32","guid":{"rendered":"https:\/\/www.busclassic.org\/?page_id=1254"},"modified":"2025-06-13T16:34:47","modified_gmt":"2025-06-13T14:34:47","slug":"organitzacio","status":"publish","type":"page","link":"https:\/\/www.busclassic.org\/fr\/organisation\/","title":{"rendered":"L\u2019organisation"},"content":{"rendered":"<div class=\"wp-block-columns is-layout-flex wp-container-core-columns-is-layout-28f84493 wp-block-columns-is-layout-flex\">\n<div class=\"wp-block-column is-layout-flow wp-block-column-is-layout-flow\">\n<p>\u00c0 l\u2019Exposition d\u2019Autobus Classiques de Barcelone, de nombreux v\u00e9hicules de diff\u00e9rentes \u00e9poques, soigneusement restaur\u00e9s, participent chaque ann\u00e9e depuis 2010. Cet \u00e9v\u00e9nement a lieu sur l\u2019Avenue Maria Cristina de Barcelone. Dans son ensemble, c\u2019est un \u00e9v\u00e9nement attendu par de nombreux passionn\u00e9s et une occasion unique de revivre l\u2019histoire de notre transport public en surface.<\/p>\n\n\n\n<figure class=\"wp-block-image aligncenter size-large\"><img loading=\"lazy\" decoding=\"async\" width=\"1024\" height=\"576\" src=\"https:\/\/www.busclassic.org\/wp-content\/uploads\/2024\/08\/tmb240601_PH_177-edited-1024x576.jpg\" alt=\"\" class=\"wp-image-4609\" style=\"aspect-ratio:16\/9;object-fit:contain\" srcset=\"\" sizes=\"auto, (max-width: 1024px) 100vw, 1024px\" data-srcset=\"\" \/><\/figure>\n\n\n\n<p>Les ann\u00e9es \u00e9coul\u00e9es depuis 2010 ne sont pas nombreuses si on les compare \u00e0 une histoire de plus de cent ans li\u00e9e \u00e0 l\u2019\u00e9volution de nos villes, mais elles repr\u00e9sentent une \u00e9tape importante pour toutes les personnes qui organisent l\u2019\u00e9v\u00e9nement de mani\u00e8re d\u00e9sint\u00e9ress\u00e9e et avec l\u2019enthousiasme de pr\u00e9server et de diffuser ce patrimoine historique, culturel et social, qui est aussi une m\u00e9moire vivante et une part essentielle de nos valeurs.<\/p>\n\n\n\n<div class=\"wp-block-columns is-layout-flex wp-container-core-columns-is-layout-28f84493 wp-block-columns-is-layout-flex\">\n<div class=\"wp-block-column is-layout-flow wp-block-column-is-layout-flow\">\n<figure class=\"wp-block-image aligncenter size-large\"><img loading=\"lazy\" decoding=\"async\" width=\"1024\" height=\"576\" src=\"https:\/\/www.busclassic.org\/wp-content\/uploads\/2024\/08\/tmb240601_PH_190-edited-1024x576.jpg\" alt=\"\" class=\"wp-image-4610\" style=\"object-fit:cover\" srcset=\"\" sizes=\"auto, (max-width: 1024px) 100vw, 1024px\" data-srcset=\"\" \/><\/figure>\n<\/div>\n\n\n\n<div class=\"wp-block-column is-layout-flow wp-block-column-is-layout-flow\">\n<figure class=\"wp-block-image aligncenter size-large\"><img loading=\"lazy\" decoding=\"async\" width=\"1024\" height=\"576\" src=\"https:\/\/www.busclassic.org\/wp-content\/uploads\/2024\/08\/tmb240602_PH_032-edited-1024x576.jpg\" alt=\"\" class=\"wp-image-4611\" style=\"object-fit:cover\" srcset=\"\" sizes=\"auto, (max-width: 1024px) 100vw, 1024px\" data-srcset=\"\" \/><\/figure>\n<\/div>\n<\/div>\n\n\n\n<p class=\"translation-block\">Nous esp\u00e9rons que cette journ\u00e9e festive et culturelle, organis\u00e9e par l\u2019<a href=\"http:\/\/arca-bus.org\" target=\"_blank\" rel=\"noreferrer noopener\">Association pour la R\u00e9cup\u00e9ration et la Conservation des Autobus<\/a>, l\u2019<a href=\"http:\/\/www.sagales.com\" target=\"_blank\" rel=\"noreferrer noopener\">Entreprise Sagal\u00e9s<\/a> et la <a href=\"http:\/\/fundacio.tmb.cat\" target=\"_blank\" rel=\"noreferrer noopener\">Fondation TMB<\/a>, continuera pendant de nombreuses ann\u00e9es avec le m\u00eame enthousiasme que toujours.<\/p>\n\n\n\n<div class=\"wp-block-columns are-vertically-aligned-center is-layout-flex wp-container-core-columns-is-layout-28f84493 wp-block-columns-is-layout-flex\">\n<div class=\"wp-block-column is-vertically-aligned-center is-layout-flow wp-block-column-is-layout-flow\">\n<figure class=\"wp-block-image aligncenter size-large\"><img loading=\"lazy\" decoding=\"async\" width=\"1024\" height=\"576\" src=\"https:\/\/www.busclassic.org\/wp-content\/uploads\/2024\/08\/tmb240602_PH_069-edited-1024x576.jpg\" alt=\"\" class=\"wp-image-4613\" style=\"object-fit:cover\" srcset=\"\" sizes=\"auto, (max-width: 1024px) 100vw, 1024px\" data-srcset=\"\" \/><\/figure>\n<\/div>\n\n\n\n<div class=\"wp-block-column is-vertically-aligned-center is-layout-flow wp-block-column-is-layout-flow\">\n<figure class=\"wp-block-image aligncenter size-full is-resized\"><img loading=\"lazy\" decoding=\"async\" width=\"445\" height=\"250\" src=\"https:\/\/www.busclassic.org\/wp-content\/uploads\/2024\/08\/tripartit-edited.png\" alt=\"\" class=\"wp-image-4614\" style=\"aspect-ratio:16\/9;object-fit:cover;width:768px\" srcset=\"https:\/\/www.busclassic.org\/wp-content\/uploads\/2024\/08\/tripartit-edited.png 445w, https:\/\/www.busclassic.org\/wp-content\/uploads\/2024\/08\/tripartit-edited-300x169.png 300w, https:\/\/www.busclassic.org\/wp-content\/uploads\/2024\/08\/tripartit-edited-230x129.png 230w, https:\/\/www.busclassic.org\/wp-content\/uploads\/2024\/08\/tripartit-edited-350x197.png 350w\" sizes=\"auto, (max-width: 445px) 100vw, 445px\" \/><\/figure>\n<\/div>\n<\/div>\n<\/div>\n<\/div>\n\n\n\n<p><\/p>","protected":false},"excerpt":{"rendered":"<p>Depuis 2010, une trentaine d\u2019autobus historiques soigneusement restaur\u00e9s participent chaque ann\u00e9e sur l\u2019avenue Maria Cristina \u00e0 Barcelone, offrant aux passionn\u00e9s une occasion unique de revivre l\u2019histoire du transport public de surface.<\/p>","protected":false},"author":2,"featured_media":4603,"parent":0,"menu_order":0,"comment_status":"closed","ping_status":"closed","template":"page-templates\/page_fullwidth.php","meta":{"_exactmetrics_skip_tracking":false,"_exactmetrics_sitenote_active":false,"_exactmetrics_sitenote_note":"","_exactmetrics_sitenote_category":0,"footnotes":""},"class_list":["post-1254","page","type-page","status-publish","has-post-thumbnail","hentry"],"mb":[],"mfb_rest_fields":["title"],"_links":{"self":[{"href":"https:\/\/www.busclassic.org\/fr\/wp-json\/wp\/v2\/pages\/1254","targetHints":{"allow":["GET"]}}],"collection":[{"href":"https:\/\/www.busclassic.org\/fr\/wp-json\/wp\/v2\/pages"}],"about":[{"href":"https:\/\/www.busclassic.org\/fr\/wp-json\/wp\/v2\/types\/page"}],"author":[{"embeddable":true,"href":"https:\/\/www.busclassic.org\/fr\/wp-json\/wp\/v2\/users\/2"}],"replies":[{"embeddable":true,"href":"https:\/\/www.busclassic.org\/fr\/wp-json\/wp\/v2\/comments?post=1254"}],"version-history":[{"count":98,"href":"https:\/\/www.busclassic.org\/fr\/wp-json\/wp\/v2\/pages\/1254\/revisions"}],"predecessor-version":[{"id":4886,"href":"https:\/\/www.busclassic.org\/fr\/wp-json\/wp\/v2\/pages\/1254\/revisions\/4886"}],"wp:featuredmedia":[{"embeddable":true,"href":"https:\/\/www.busclassic.org\/fr\/wp-json\/wp\/v2\/media\/4603"}],"wp:attachment":[{"href":"https:\/\/www.busclassic.org\/fr\/wp-json\/wp\/v2\/media?parent=1254"}],"curies":[{"name":"wp","href":"https:\/\/api.w.org\/{rel}","templated":true}]}}