{"id":921,"date":"2018-04-25T18:44:29","date_gmt":"2018-04-25T16:44:29","guid":{"rendered":"https:\/\/www.busclassic.org\/?page_id=921"},"modified":"2025-06-13T18:49:28","modified_gmt":"2025-06-13T16:49:28","slug":"galeria-imatges","status":"publish","type":"page","link":"https:\/\/www.busclassic.org\/fr\/galerie-images\/","title":{"rendered":"Galerie d\u2019images"},"content":{"rendered":"<div class=\"wp-block-columns is-layout-flex wp-container-core-columns-is-layout-28f84493 wp-block-columns-is-layout-flex\">\n<div class=\"wp-block-column is-layout-flow wp-block-column-is-layout-flow\">\n<figure class=\"wp-block-image size-large\"><a href=\"https:\/\/photos.app.goo.gl\/34SaW7tqxoujzVVy5\" target=\"_blank\" rel=\"noopener\"><img loading=\"lazy\" decoding=\"async\" width=\"1560\" height=\"2338\" src=\"https:\/\/www.busclassic.org\/wp-content\/uploads\/2024\/08\/1er-1-edited-2.png\" alt=\"\" class=\"wp-image-4563\" srcset=\"https:\/\/www.busclassic.org\/wp-content\/uploads\/2024\/08\/1er-1-edited-2.png 1560w, https:\/\/www.busclassic.org\/wp-content\/uploads\/2024\/08\/1er-1-edited-2-200x300.png 200w, https:\/\/www.busclassic.org\/wp-content\/uploads\/2024\/08\/1er-1-edited-2-683x1024.png 683w, https:\/\/www.busclassic.org\/wp-content\/uploads\/2024\/08\/1er-1-edited-2-768x1151.png 768w, https:\/\/www.busclassic.org\/wp-content\/uploads\/2024\/08\/1er-1-edited-2-1025x1536.png 1025w, https:\/\/www.busclassic.org\/wp-content\/uploads\/2024\/08\/1er-1-edited-2-1367x2048.png 1367w, https:\/\/www.busclassic.org\/wp-content\/uploads\/2024\/08\/1er-1-edited-2-1000x1499.png 1000w, https:\/\/www.busclassic.org\/wp-content\/uploads\/2024\/08\/1er-1-edited-2-230x345.png 230w, https:\/\/www.busclassic.org\/wp-content\/uploads\/2024\/08\/1er-1-edited-2-350x525.png 350w, https:\/\/www.busclassic.org\/wp-content\/uploads\/2024\/08\/1er-1-edited-2-480x719.png 480w\" sizes=\"auto, (max-width: 1560px) 100vw, 1560px\" \/><\/a><\/figure>\n<\/div>\n\n\n\n<div class=\"wp-block-column is-layout-flow wp-block-column-is-layout-flow\">\n<figure class=\"wp-block-image size-large\"><a href=\"https:\/\/photos.app.goo.gl\/ANB8jxfmR8D2vuYY9\" target=\"_blank\" rel=\"noopener\"><img loading=\"lazy\" decoding=\"async\" width=\"1560\" height=\"2338\" src=\"https:\/\/www.busclassic.org\/wp-content\/uploads\/2024\/08\/2on-1-edited-1.png\" alt=\"\" class=\"wp-image-4562\" srcset=\"https:\/\/www.busclassic.org\/wp-content\/uploads\/2024\/08\/2on-1-edited-1.png 1560w, https:\/\/www.busclassic.org\/wp-content\/uploads\/2024\/08\/2on-1-edited-1-200x300.png 200w, https:\/\/www.busclassic.org\/wp-content\/uploads\/2024\/08\/2on-1-edited-1-683x1024.png 683w, https:\/\/www.busclassic.org\/wp-content\/uploads\/2024\/08\/2on-1-edited-1-768x1151.png 768w, https:\/\/www.busclassic.org\/wp-content\/uploads\/2024\/08\/2on-1-edited-1-1025x1536.png 1025w, https:\/\/www.busclassic.org\/wp-content\/uploads\/2024\/08\/2on-1-edited-1-1367x2048.png 1367w, https:\/\/www.busclassic.org\/wp-content\/uploads\/2024\/08\/2on-1-edited-1-1000x1499.png 1000w, https:\/\/www.busclassic.org\/wp-content\/uploads\/2024\/08\/2on-1-edited-1-230x345.png 230w, https:\/\/www.busclassic.org\/wp-content\/uploads\/2024\/08\/2on-1-edited-1-350x525.png 350w, https:\/\/www.busclassic.org\/wp-content\/uploads\/2024\/08\/2on-1-edited-1-480x719.png 480w\" sizes=\"auto, (max-width: 1560px) 100vw, 1560px\" \/><\/a><\/figure>\n<\/div>\n\n\n\n<div class=\"wp-block-column is-layout-flow wp-block-column-is-layout-flow\">\n<figure class=\"wp-block-image size-large\"><a href=\"https:\/\/photos.app.goo.gl\/zjDbd9EdQHNYe6fC9\" target=\"_blank\" rel=\"noopener\"><img loading=\"lazy\" decoding=\"async\" width=\"1169\" height=\"1754\" src=\"https:\/\/www.busclassic.org\/wp-content\/uploads\/2024\/08\/3er-edited.jpg\" alt=\"\" class=\"wp-image-4561\" srcset=\"https:\/\/www.busclassic.org\/wp-content\/uploads\/2024\/08\/3er-edited.jpg 1169w, https:\/\/www.busclassic.org\/wp-content\/uploads\/2024\/08\/3er-edited-200x300.jpg 200w, https:\/\/www.busclassic.org\/wp-content\/uploads\/2024\/08\/3er-edited-682x1024.jpg 682w, https:\/\/www.busclassic.org\/wp-content\/uploads\/2024\/08\/3er-edited-768x1152.jpg 768w, https:\/\/www.busclassic.org\/wp-content\/uploads\/2024\/08\/3er-edited-1024x1536.jpg 1024w, https:\/\/www.busclassic.org\/wp-content\/uploads\/2024\/08\/3er-edited-1000x1500.jpg 1000w, https:\/\/www.busclassic.org\/wp-content\/uploads\/2024\/08\/3er-edited-230x345.jpg 230w, https:\/\/www.busclassic.org\/wp-content\/uploads\/2024\/08\/3er-edited-350x525.jpg 350w, https:\/\/www.busclassic.org\/wp-content\/uploads\/2024\/08\/3er-edited-480x720.jpg 480w\" sizes=\"auto, (max-width: 1169px) 100vw, 1169px\" \/><\/a><\/figure>\n<\/div>\n<\/div>\n\n\n\n<div class=\"wp-block-columns is-layout-flex wp-container-core-columns-is-layout-28f84493 wp-block-columns-is-layout-flex\">\n<div class=\"wp-block-column is-layout-flow wp-block-column-is-layout-flow\">\n<figure class=\"wp-block-image size-large\"><a href=\"https:\/\/photos.app.goo.gl\/TuagEXLC4YdpiCuAA\" target=\"_blank\" rel=\"noopener\"><img loading=\"lazy\" decoding=\"async\" width=\"2205\" height=\"3308\" src=\"https:\/\/www.busclassic.org\/wp-content\/uploads\/2024\/08\/4rt-1-edited-1.png\" alt=\"\" class=\"wp-image-4566\" srcset=\"https:\/\/www.busclassic.org\/wp-content\/uploads\/2024\/08\/4rt-1-edited-1.png 2205w, https:\/\/www.busclassic.org\/wp-content\/uploads\/2024\/08\/4rt-1-edited-1-200x300.png 200w, https:\/\/www.busclassic.org\/wp-content\/uploads\/2024\/08\/4rt-1-edited-1-683x1024.png 683w, https:\/\/www.busclassic.org\/wp-content\/uploads\/2024\/08\/4rt-1-edited-1-768x1152.png 768w, https:\/\/www.busclassic.org\/wp-content\/uploads\/2024\/08\/4rt-1-edited-1-1024x1536.png 1024w, https:\/\/www.busclassic.org\/wp-content\/uploads\/2024\/08\/4rt-1-edited-1-1365x2048.png 1365w, https:\/\/www.busclassic.org\/wp-content\/uploads\/2024\/08\/4rt-1-edited-1-1000x1500.png 1000w, https:\/\/www.busclassic.org\/wp-content\/uploads\/2024\/08\/4rt-1-edited-1-230x345.png 230w, https:\/\/www.busclassic.org\/wp-content\/uploads\/2024\/08\/4rt-1-edited-1-350x525.png 350w, https:\/\/www.busclassic.org\/wp-content\/uploads\/2024\/08\/4rt-1-edited-1-480x720.png 480w\" sizes=\"auto, (max-width: 2205px) 100vw, 2205px\" \/><\/a><\/figure>\n<\/div>\n\n\n\n<div class=\"wp-block-column is-layout-flow wp-block-column-is-layout-flow\">\n<figure class=\"wp-block-image size-large\"><a href=\"https:\/\/photos.app.goo.gl\/NUZY4hmWHP6YBQv4A\" target=\"_blank\" rel=\"noopener\"><img loading=\"lazy\" decoding=\"async\" width=\"9348\" height=\"14023\" src=\"https:\/\/www.busclassic.org\/wp-content\/uploads\/2024\/08\/5e-1-edited-1.png\" alt=\"\" class=\"wp-image-4568\" srcset=\"https:\/\/www.busclassic.org\/wp-content\/uploads\/2024\/08\/5e-1-edited-1.png 9348w, https:\/\/www.busclassic.org\/wp-content\/uploads\/2024\/08\/5e-1-edited-1-200x300.png 200w, https:\/\/www.busclassic.org\/wp-content\/uploads\/2024\/08\/5e-1-edited-1-683x1024.png 683w, https:\/\/www.busclassic.org\/wp-content\/uploads\/2024\/08\/5e-1-edited-1-768x1152.png 768w, https:\/\/www.busclassic.org\/wp-content\/uploads\/2024\/08\/5e-1-edited-1-1024x1536.png 1024w, https:\/\/www.busclassic.org\/wp-content\/uploads\/2024\/08\/5e-1-edited-1-1365x2048.png 1365w, https:\/\/www.busclassic.org\/wp-content\/uploads\/2024\/08\/5e-1-edited-1-1000x1500.png 1000w, https:\/\/www.busclassic.org\/wp-content\/uploads\/2024\/08\/5e-1-edited-1-230x345.png 230w, https:\/\/www.busclassic.org\/wp-content\/uploads\/2024\/08\/5e-1-edited-1-350x525.png 350w, https:\/\/www.busclassic.org\/wp-content\/uploads\/2024\/08\/5e-1-edited-1-480x720.png 480w\" sizes=\"auto, (max-width: 9348px) 100vw, 9348px\" \/><\/a><\/figure>\n<\/div>\n\n\n\n<div class=\"wp-block-column is-layout-flow wp-block-column-is-layout-flow\">\n<figure class=\"wp-block-image size-large\"><a href=\"https:\/\/photos.app.goo.gl\/UCbjFH4sgv7SnYQWA\" target=\"_blank\" rel=\"noopener\"><img loading=\"lazy\" decoding=\"async\" width=\"1560\" height=\"2339\" src=\"https:\/\/www.busclassic.org\/wp-content\/uploads\/2024\/08\/6e-1-edited.png\" alt=\"\" class=\"wp-image-4565\" srcset=\"https:\/\/www.busclassic.org\/wp-content\/uploads\/2024\/08\/6e-1-edited.png 1560w, https:\/\/www.busclassic.org\/wp-content\/uploads\/2024\/08\/6e-1-edited-200x300.png 200w, https:\/\/www.busclassic.org\/wp-content\/uploads\/2024\/08\/6e-1-edited-683x1024.png 683w, https:\/\/www.busclassic.org\/wp-content\/uploads\/2024\/08\/6e-1-edited-768x1152.png 768w, https:\/\/www.busclassic.org\/wp-content\/uploads\/2024\/08\/6e-1-edited-1024x1536.png 1024w, https:\/\/www.busclassic.org\/wp-content\/uploads\/2024\/08\/6e-1-edited-1366x2048.png 1366w, https:\/\/www.busclassic.org\/wp-content\/uploads\/2024\/08\/6e-1-edited-1000x1499.png 1000w, https:\/\/www.busclassic.org\/wp-content\/uploads\/2024\/08\/6e-1-edited-230x345.png 230w, https:\/\/www.busclassic.org\/wp-content\/uploads\/2024\/08\/6e-1-edited-350x525.png 350w, https:\/\/www.busclassic.org\/wp-content\/uploads\/2024\/08\/6e-1-edited-480x720.png 480w\" sizes=\"auto, (max-width: 1560px) 100vw, 1560px\" \/><\/a><\/figure>\n<\/div>\n<\/div>\n\n\n\n<div class=\"wp-block-columns is-layout-flex wp-container-core-columns-is-layout-28f84493 wp-block-columns-is-layout-flex\">\n<div class=\"wp-block-column is-layout-flow wp-block-column-is-layout-flow\">\n<figure class=\"wp-block-image size-large\"><a href=\"https:\/\/photos.app.goo.gl\/nZXPQTtbUrP3AFiz8\" target=\"_blank\" rel=\"noopener\"><img loading=\"lazy\" decoding=\"async\" width=\"1560\" height=\"2339\" src=\"https:\/\/www.busclassic.org\/wp-content\/uploads\/2024\/08\/SKM_C3350180425082500-1-edited.png\" alt=\"\" class=\"wp-image-4569\" srcset=\"https:\/\/www.busclassic.org\/wp-content\/uploads\/2024\/08\/SKM_C3350180425082500-1-edited.png 1560w, https:\/\/www.busclassic.org\/wp-content\/uploads\/2024\/08\/SKM_C3350180425082500-1-edited-200x300.png 200w, https:\/\/www.busclassic.org\/wp-content\/uploads\/2024\/08\/SKM_C3350180425082500-1-edited-683x1024.png 683w, https:\/\/www.busclassic.org\/wp-content\/uploads\/2024\/08\/SKM_C3350180425082500-1-edited-768x1152.png 768w, https:\/\/www.busclassic.org\/wp-content\/uploads\/2024\/08\/SKM_C3350180425082500-1-edited-1024x1536.png 1024w, https:\/\/www.busclassic.org\/wp-content\/uploads\/2024\/08\/SKM_C3350180425082500-1-edited-1366x2048.png 1366w, https:\/\/www.busclassic.org\/wp-content\/uploads\/2024\/08\/SKM_C3350180425082500-1-edited-1000x1499.png 1000w, https:\/\/www.busclassic.org\/wp-content\/uploads\/2024\/08\/SKM_C3350180425082500-1-edited-230x345.png 230w, https:\/\/www.busclassic.org\/wp-content\/uploads\/2024\/08\/SKM_C3350180425082500-1-edited-350x525.png 350w, https:\/\/www.busclassic.org\/wp-content\/uploads\/2024\/08\/SKM_C3350180425082500-1-edited-480x720.png 480w\" sizes=\"auto, (max-width: 1560px) 100vw, 1560px\" \/><\/a><\/figure>\n<\/div>\n\n\n\n<div class=\"wp-block-column is-layout-flow wp-block-column-is-layout-flow\">\n<figure class=\"wp-block-image size-large\"><a href=\"https:\/\/photos.app.goo.gl\/U9qhtS7EhnikdUoV8\" target=\"_blank\" rel=\"noopener\"><img loading=\"lazy\" decoding=\"async\" width=\"911\" height=\"1366\" src=\"https:\/\/www.busclassic.org\/wp-content\/uploads\/2024\/08\/8e-1-edited.png\" alt=\"\" class=\"wp-image-4570\" srcset=\"https:\/\/www.busclassic.org\/wp-content\/uploads\/2024\/08\/8e-1-edited.png 911w, https:\/\/www.busclassic.org\/wp-content\/uploads\/2024\/08\/8e-1-edited-200x300.png 200w, https:\/\/www.busclassic.org\/wp-content\/uploads\/2024\/08\/8e-1-edited-683x1024.png 683w, https:\/\/www.busclassic.org\/wp-content\/uploads\/2024\/08\/8e-1-edited-768x1152.png 768w, https:\/\/www.busclassic.org\/wp-content\/uploads\/2024\/08\/8e-1-edited-230x345.png 230w, https:\/\/www.busclassic.org\/wp-content\/uploads\/2024\/08\/8e-1-edited-350x525.png 350w, https:\/\/www.busclassic.org\/wp-content\/uploads\/2024\/08\/8e-1-edited-480x720.png 480w\" sizes=\"auto, (max-width: 911px) 100vw, 911px\" \/><\/a><\/figure>\n<\/div>\n\n\n\n<div class=\"wp-block-column is-layout-flow wp-block-column-is-layout-flow\">\n<figure class=\"wp-block-image size-large\"><a href=\"https:\/\/photos.app.goo.gl\/W4i9Yx7ZptpkFzcW7\" target=\"_blank\" rel=\"noopener\"><img loading=\"lazy\" decoding=\"async\" width=\"1560\" height=\"2339\" src=\"https:\/\/www.busclassic.org\/wp-content\/uploads\/2024\/08\/A4_impresioin_web-2-edited.png\" alt=\"\" class=\"wp-image-4571\" srcset=\"https:\/\/www.busclassic.org\/wp-content\/uploads\/2024\/08\/A4_impresioin_web-2-edited.png 1560w, https:\/\/www.busclassic.org\/wp-content\/uploads\/2024\/08\/A4_impresioin_web-2-edited-200x300.png 200w, https:\/\/www.busclassic.org\/wp-content\/uploads\/2024\/08\/A4_impresioin_web-2-edited-683x1024.png 683w, https:\/\/www.busclassic.org\/wp-content\/uploads\/2024\/08\/A4_impresioin_web-2-edited-768x1152.png 768w, https:\/\/www.busclassic.org\/wp-content\/uploads\/2024\/08\/A4_impresioin_web-2-edited-1024x1536.png 1024w, https:\/\/www.busclassic.org\/wp-content\/uploads\/2024\/08\/A4_impresioin_web-2-edited-1366x2048.png 1366w, https:\/\/www.busclassic.org\/wp-content\/uploads\/2024\/08\/A4_impresioin_web-2-edited-1000x1499.png 1000w, https:\/\/www.busclassic.org\/wp-content\/uploads\/2024\/08\/A4_impresioin_web-2-edited-230x345.png 230w, https:\/\/www.busclassic.org\/wp-content\/uploads\/2024\/08\/A4_impresioin_web-2-edited-350x525.png 350w, https:\/\/www.busclassic.org\/wp-content\/uploads\/2024\/08\/A4_impresioin_web-2-edited-480x720.png 480w\" sizes=\"auto, (max-width: 1560px) 100vw, 1560px\" \/><\/a><\/figure>\n<\/div>\n<\/div>\n\n\n\n<div class=\"wp-block-columns is-layout-flex wp-container-core-columns-is-layout-28f84493 wp-block-columns-is-layout-flex\">\n<div class=\"wp-block-column is-layout-flow wp-block-column-is-layout-flow\">\n<figure class=\"wp-block-image size-large\"><a href=\"https:\/\/photos.app.goo.gl\/uEtqnAmcmyfjQ6ux8\" target=\"_blank\" rel=\"noopener\"><img loading=\"lazy\" decoding=\"async\" width=\"816\" height=\"1224\" src=\"https:\/\/www.busclassic.org\/wp-content\/uploads\/2024\/08\/opi-edited.jpg\" alt=\"\" class=\"wp-image-4572\" srcset=\"https:\/\/www.busclassic.org\/wp-content\/uploads\/2024\/08\/opi-edited.jpg 816w, https:\/\/www.busclassic.org\/wp-content\/uploads\/2024\/08\/opi-edited-200x300.jpg 200w, https:\/\/www.busclassic.org\/wp-content\/uploads\/2024\/08\/opi-edited-683x1024.jpg 683w, https:\/\/www.busclassic.org\/wp-content\/uploads\/2024\/08\/opi-edited-768x1152.jpg 768w, https:\/\/www.busclassic.org\/wp-content\/uploads\/2024\/08\/opi-edited-230x345.jpg 230w, https:\/\/www.busclassic.org\/wp-content\/uploads\/2024\/08\/opi-edited-350x525.jpg 350w, https:\/\/www.busclassic.org\/wp-content\/uploads\/2024\/08\/opi-edited-480x720.jpg 480w\" sizes=\"auto, (max-width: 816px) 100vw, 816px\" \/><\/a><\/figure>\n<\/div>\n\n\n\n<div class=\"wp-block-column is-layout-flow wp-block-column-is-layout-flow\">\n<figure class=\"wp-block-image size-large\"><a href=\"https:\/\/photos.app.goo.gl\/av3ceKyuYa8UNBMh6\" target=\"_blank\" rel=\"noopener\"><img loading=\"lazy\" decoding=\"async\" width=\"1365\" height=\"2048\" src=\"https:\/\/www.busclassic.org\/wp-content\/uploads\/2024\/08\/283973060_2075705412591161_6776021621031206013_n-1-edited.png\" alt=\"\" class=\"wp-image-4574\" srcset=\"https:\/\/www.busclassic.org\/wp-content\/uploads\/2024\/08\/283973060_2075705412591161_6776021621031206013_n-1-edited.png 1365w, https:\/\/www.busclassic.org\/wp-content\/uploads\/2024\/08\/283973060_2075705412591161_6776021621031206013_n-1-edited-200x300.png 200w, https:\/\/www.busclassic.org\/wp-content\/uploads\/2024\/08\/283973060_2075705412591161_6776021621031206013_n-1-edited-683x1024.png 683w, https:\/\/www.busclassic.org\/wp-content\/uploads\/2024\/08\/283973060_2075705412591161_6776021621031206013_n-1-edited-768x1152.png 768w, https:\/\/www.busclassic.org\/wp-content\/uploads\/2024\/08\/283973060_2075705412591161_6776021621031206013_n-1-edited-1024x1536.png 1024w, https:\/\/www.busclassic.org\/wp-content\/uploads\/2024\/08\/283973060_2075705412591161_6776021621031206013_n-1-edited-1000x1500.png 1000w, https:\/\/www.busclassic.org\/wp-content\/uploads\/2024\/08\/283973060_2075705412591161_6776021621031206013_n-1-edited-230x345.png 230w, https:\/\/www.busclassic.org\/wp-content\/uploads\/2024\/08\/283973060_2075705412591161_6776021621031206013_n-1-edited-350x525.png 350w, https:\/\/www.busclassic.org\/wp-content\/uploads\/2024\/08\/283973060_2075705412591161_6776021621031206013_n-1-edited-480x720.png 480w\" sizes=\"auto, (max-width: 1365px) 100vw, 1365px\" \/><\/a><\/figure>\n<\/div>\n\n\n\n<div class=\"wp-block-column is-layout-flow wp-block-column-is-layout-flow\">\n<figure class=\"wp-block-image size-large\"><a href=\"https:\/\/photos.app.goo.gl\/4CDSkN2jU6xCXxHE7\" target=\"_blank\" rel=\"noopener\"><img loading=\"lazy\" decoding=\"async\" width=\"1167\" height=\"1750\" src=\"https:\/\/www.busclassic.org\/wp-content\/uploads\/2024\/08\/347605312_1312182216361278_4225183533297145326_n-edited.jpg\" alt=\"\" class=\"wp-image-4576\" srcset=\"https:\/\/www.busclassic.org\/wp-content\/uploads\/2024\/08\/347605312_1312182216361278_4225183533297145326_n-edited.jpg 1167w, https:\/\/www.busclassic.org\/wp-content\/uploads\/2024\/08\/347605312_1312182216361278_4225183533297145326_n-edited-200x300.jpg 200w, https:\/\/www.busclassic.org\/wp-content\/uploads\/2024\/08\/347605312_1312182216361278_4225183533297145326_n-edited-683x1024.jpg 683w, https:\/\/www.busclassic.org\/wp-content\/uploads\/2024\/08\/347605312_1312182216361278_4225183533297145326_n-edited-768x1152.jpg 768w, https:\/\/www.busclassic.org\/wp-content\/uploads\/2024\/08\/347605312_1312182216361278_4225183533297145326_n-edited-1024x1536.jpg 1024w, https:\/\/www.busclassic.org\/wp-content\/uploads\/2024\/08\/347605312_1312182216361278_4225183533297145326_n-edited-1000x1500.jpg 1000w, https:\/\/www.busclassic.org\/wp-content\/uploads\/2024\/08\/347605312_1312182216361278_4225183533297145326_n-edited-230x345.jpg 230w, https:\/\/www.busclassic.org\/wp-content\/uploads\/2024\/08\/347605312_1312182216361278_4225183533297145326_n-edited-350x525.jpg 350w, https:\/\/www.busclassic.org\/wp-content\/uploads\/2024\/08\/347605312_1312182216361278_4225183533297145326_n-edited-480x720.jpg 480w\" sizes=\"auto, (max-width: 1167px) 100vw, 1167px\" \/><\/a><\/figure>\n<\/div>\n<\/div>\n\n\n\n<div class=\"wp-block-columns is-layout-flex wp-container-core-columns-is-layout-28f84493 wp-block-columns-is-layout-flex\">\n<div class=\"wp-block-column is-layout-flow wp-block-column-is-layout-flow\">\n<figure class=\"wp-block-image size-large\"><a href=\"https:\/\/photos.app.goo.gl\/LFViDoxX5JYQRfp1A\" target=\"_blank\" rel=\"noreferrer noopener\"><img loading=\"lazy\" decoding=\"async\" width=\"1050\" height=\"1575\" src=\"https:\/\/www.busclassic.org\/wp-content\/uploads\/2024\/08\/447291017_1247407373274220_7431463526154530523_n-edited.jpg\" alt=\"Exposici\u00f3 d'autobusos cl\u00e0ssics de Barcelona - edici\u00f3 2024\" class=\"wp-image-4582\" srcset=\"https:\/\/www.busclassic.org\/wp-content\/uploads\/2024\/08\/447291017_1247407373274220_7431463526154530523_n-edited.jpg 1050w, https:\/\/www.busclassic.org\/wp-content\/uploads\/2024\/08\/447291017_1247407373274220_7431463526154530523_n-edited-200x300.jpg 200w, https:\/\/www.busclassic.org\/wp-content\/uploads\/2024\/08\/447291017_1247407373274220_7431463526154530523_n-edited-683x1024.jpg 683w, https:\/\/www.busclassic.org\/wp-content\/uploads\/2024\/08\/447291017_1247407373274220_7431463526154530523_n-edited-768x1152.jpg 768w, https:\/\/www.busclassic.org\/wp-content\/uploads\/2024\/08\/447291017_1247407373274220_7431463526154530523_n-edited-1024x1536.jpg 1024w, https:\/\/www.busclassic.org\/wp-content\/uploads\/2024\/08\/447291017_1247407373274220_7431463526154530523_n-edited-1000x1500.jpg 1000w, https:\/\/www.busclassic.org\/wp-content\/uploads\/2024\/08\/447291017_1247407373274220_7431463526154530523_n-edited-230x345.jpg 230w, https:\/\/www.busclassic.org\/wp-content\/uploads\/2024\/08\/447291017_1247407373274220_7431463526154530523_n-edited-350x525.jpg 350w, https:\/\/www.busclassic.org\/wp-content\/uploads\/2024\/08\/447291017_1247407373274220_7431463526154530523_n-edited-480x720.jpg 480w\" sizes=\"auto, (max-width: 1050px) 100vw, 1050px\" \/><\/a><\/figure>\n<\/div>\n\n\n\n<div class=\"wp-block-column is-layout-flow wp-block-column-is-layout-flow\"><\/div>\n\n\n\n<div class=\"wp-block-column is-layout-flow wp-block-column-is-layout-flow\"><\/div>\n<\/div>","protected":false},"excerpt":{"rendered":"<p>Imatges de totes les edicions de l&#8217;Exposici\u00f3 d&#8217;Autobusos Cl\u00e0ssics de Barcelona, des del 2010 fins avui dia.<\/p>","protected":false},"author":2,"featured_media":0,"parent":0,"menu_order":0,"comment_status":"closed","ping_status":"closed","template":"page-templates\/page_fullwidth.php","meta":{"_exactmetrics_skip_tracking":false,"_exactmetrics_sitenote_active":false,"_exactmetrics_sitenote_note":"","_exactmetrics_sitenote_category":0,"footnotes":""},"class_list":["post-921","page","type-page","status-publish","hentry"],"mb":[],"mfb_rest_fields":["title"],"_links":{"self":[{"href":"https:\/\/www.busclassic.org\/fr\/wp-json\/wp\/v2\/pages\/921","targetHints":{"allow":["GET"]}}],"collection":[{"href":"https:\/\/www.busclassic.org\/fr\/wp-json\/wp\/v2\/pages"}],"about":[{"href":"https:\/\/www.busclassic.org\/fr\/wp-json\/wp\/v2\/types\/page"}],"author":[{"embeddable":true,"href":"https:\/\/www.busclassic.org\/fr\/wp-json\/wp\/v2\/users\/2"}],"replies":[{"embeddable":true,"href":"https:\/\/www.busclassic.org\/fr\/wp-json\/wp\/v2\/comments?post=921"}],"version-history":[{"count":93,"href":"https:\/\/www.busclassic.org\/fr\/wp-json\/wp\/v2\/pages\/921\/revisions"}],"predecessor-version":[{"id":4902,"href":"https:\/\/www.busclassic.org\/fr\/wp-json\/wp\/v2\/pages\/921\/revisions\/4902"}],"wp:attachment":[{"href":"https:\/\/www.busclassic.org\/fr\/wp-json\/wp\/v2\/media?parent=921"}],"curies":[{"name":"wp","href":"https:\/\/api.w.org\/{rel}","templated":true}]}}