{"id":1799,"date":"2018-09-16T19:10:10","date_gmt":"2018-09-16T17:10:10","guid":{"rendered":"https:\/\/www.busclassic.org\/?page_id=1799"},"modified":"2025-06-13T18:42:24","modified_gmt":"2025-06-13T16:42:24","slug":"oportunitat-negoci","status":"publish","type":"page","link":"https:\/\/www.busclassic.org\/oc\/oportunitat-negoci\/","title":{"rendered":"Ua escaden\u00e7a de neg\u00f2ci"},"content":{"rendered":"<p>Era Exposicion d\u2019Autobusos Classics de Barcelona ei ua escasen\u00e7a de neg\u00f2ci t\u00e0 diu\u00e8rsi estatges. Aguest eveniment atreu un public divers e nombrosi, incl\u00fas familhes, entusiasti des ve\u00efculs istorics e professionaus dera secta deth transp\u00f2rt public. Ac\u00ed av\u00e8tz quauques des escasences de neg\u00f2ci qu\u2019aguesta exposicion ofr\u00eds:<\/p>\n\n\n\n<ol class=\"wp-block-list\">\n<li class=\"translation-block\"><strong>Patrocinis e collaboracions empresariaus<\/strong>: Enterpreses ligades ath transp\u00f2rt, ath sector tecnologiau e a l\u2019automocion p\u00f2den aprofitar aguest eveniment ent\u00e0 donar visibilitat as s\u00f2n marques per mejan de patrocinis. Era pres\u00e9ncia ena manifestacion d\u2019aquest tipe p\u00f2t melhorar era reconeissen\u00e7a dera marca e h\u00e8r era associacion positiva damb era ist\u00f2ria e evolucion deth transp\u00f2rt public.<\/li>\n\n\n\n<li class=\"translation-block\"><strong>Merchandising e produ\u00efctes tematics<\/strong>: Vendre produ\u00efctes relacionadi damb es autobus, coma miniatures, libres e rec\u00f2rds, p\u00f2t \u00e8sser ua font importanta d\u2019ingressi. Es visitants sovent cerquen souvenirs t\u00e0 remembrar era s\u00f2a experi\u00e9ncia, e es articles exclusius dera manifestacion p\u00f2den \u00e8ster f\u00f2r\u00e7a atractius.<\/li>\n\n\n\n<li class=\"translation-block\"><strong>Exhibicion de tecnologia e innovacion<\/strong>: Es enterpreses de tecnologia p\u00f2den utilizar aguest eveniment coma plataf\u00f2rma ent\u00e0 h\u00e8r veir es s\u00f2n inn\u00f2vacions en eth sector deth transp\u00f2rt public. Aguest prec\u00eds incl\u00fas n\u00f2vas solucions de mobilitat, sist\u00e8mas de gestion de fl\u00f2tes e tecnologias de seguretat. Se presentar en aguest cont\u00e8xte istoric p\u00f2t destacar encara m\u00e8s era evolucion e es progr\u00e8s mod\u00e8rns.<\/li>\n\n\n\n<li class=\"translation-block\"><strong>Of\u00e8rta gastronomica e servicis de restauracion<\/strong>: Damb ua grana aflu\u00e9ncia de public, es servicis de restauracion p\u00f2den aprofitar pera ofrir manjar e begudes aths visitants. M\u00e8s tanben se p\u00f2t criar experi\u00e9ncies gastronomiques tematiques que complementen era exposicion, melhorar era experi\u00e9ncia deth visitant e generar ingressi addicionaus.<\/li>\n\n\n\n<li class=\"translation-block\"><strong>Turisme culturau<\/strong>: Era exposicion p\u00f2t convertir-se en un atractiu turistic que atraiga visitants de def\u00f2ra dera vila. Era promocion dera manifestacion coma activitat culturau e educativa tanben p\u00f2t atraure esc\u00f2les, toristes e gropes organisadi, ampliant ath del\u00e0 eth impacte economic.<\/li>\n\n\n\n<li class=\"translation-block\"><strong>Activitats interactivas e educativas<\/strong>: Es activitats ent\u00e0 mainatges e joeni p\u00f2den \u00e8ster patrocinades per enterpreses interessades en prom\u00f2ure era educacion e era seguretat vi\u00e0ria. Ath del\u00e0, aguestes activitats p\u00f2den preveir ua quota de participacion, generant ingressi addicionaus.<\/li>\n\n\n\n<li class=\"translation-block\"><strong>Networking e eveniments empresariaus<\/strong>: Professionaus deth sector deth transp\u00f2rt e colleccionistes d\u2019autobusos classics poden v\u00e9ser era exposicion coma ua escasen\u00e7a ent\u00e0 har networking, establir collaboracions e negociar transaccions comerciaus. Organizar semin\u00f2ris, confer\u00e9ncies e trobades empresariaus pendent era exposicion p\u00f2t generar escasences de neg\u00f2ci directes.<\/li>\n<\/ol>\n\n\n\n<p>En resum, era Exposicion d\u2019Autobusos Classics de Barcelona non ei sonque un eveniment culturau e istoric, m\u00e8s tanben ua plataf\u00f2rma damb un gran potencial comerciau ent\u00e0 enterpreses e emprenedors. Era combinacion d\u2019un public divers e ua rica of\u00e8rta d\u2019activitats h\u00e8 d\u2019aguesta un\u2019escasen\u00e7a unica ent\u00e0 generar negocis e sinergies en diu\u00e8rses branques.<\/p>\n\n\n\n<p>Ent\u00e0 m\u00e8s informacion, poderatz contactar damb nosaltres ath trau\u00e8s deth correu info@busclassic.org.<\/p>","protected":false},"excerpt":{"rendered":"<p>Descobr\u00eds es escasences de neg\u00f2ci ena Exposicion d\u2019Autobusos Classics de Barcelona: patrocinis, merchandising, inn\u00f2vacion tecnologica, of\u00e8rta gastronomica, turisme culturau e networking.<\/p>","protected":false},"author":1,"featured_media":0,"parent":0,"menu_order":0,"comment_status":"closed","ping_status":"closed","template":"page-templates\/page_fullwidth.php","meta":{"_exactmetrics_skip_tracking":false,"_exactmetrics_sitenote_active":false,"_exactmetrics_sitenote_note":"","_exactmetrics_sitenote_category":0,"footnotes":""},"class_list":["post-1799","page","type-page","status-publish","hentry"],"mb":[],"mfb_rest_fields":["title"],"_links":{"self":[{"href":"https:\/\/www.busclassic.org\/oc\/wp-json\/wp\/v2\/pages\/1799","targetHints":{"allow":["GET"]}}],"collection":[{"href":"https:\/\/www.busclassic.org\/oc\/wp-json\/wp\/v2\/pages"}],"about":[{"href":"https:\/\/www.busclassic.org\/oc\/wp-json\/wp\/v2\/types\/page"}],"author":[{"embeddable":true,"href":"https:\/\/www.busclassic.org\/oc\/wp-json\/wp\/v2\/users\/1"}],"replies":[{"embeddable":true,"href":"https:\/\/www.busclassic.org\/oc\/wp-json\/wp\/v2\/comments?post=1799"}],"version-history":[{"count":8,"href":"https:\/\/www.busclassic.org\/oc\/wp-json\/wp\/v2\/pages\/1799\/revisions"}],"predecessor-version":[{"id":4901,"href":"https:\/\/www.busclassic.org\/oc\/wp-json\/wp\/v2\/pages\/1799\/revisions\/4901"}],"wp:attachment":[{"href":"https:\/\/www.busclassic.org\/oc\/wp-json\/wp\/v2\/media?parent=1799"}],"curies":[{"name":"wp","href":"https:\/\/api.w.org\/{rel}","templated":true}]}}