{"id":2051,"date":"2019-05-28T16:45:24","date_gmt":"2019-05-28T14:45:24","guid":{"rendered":"https:\/\/www.busclassic.org\/?page_id=2051"},"modified":"2022-05-01T21:58:36","modified_gmt":"2022-05-01T19:58:36","slug":"politica-cookies","status":"publish","type":"page","link":"https:\/\/www.busclassic.org\/pt\/politica-cookies\/","title":{"rendered":"Pol\u00edtica de cookies"},"content":{"rendered":"<p>Amb la finalitat de poder adequar els serveis que s\u2019ofereixen a l\u2019usuari als seus gustos i prefer\u00e8ncies, ESTYOFI S.L. utilitzar\u00e0\u00a0<em>cookies<\/em> o galetes. Les galetes s\u00f3n fitxers de text que els servidors envien al disc dur per facilitar a l\u2019ordinador un acc\u00e9s m\u00e9s r\u00e0pid a la p\u00e0gina web seleccionada. La finalitat de les\u00a0<em>cookies<\/em>\u00a0d&#8217;ESTYOFI S.L. \u00e9s personalitzar els serveis que oferim, facilitant informaci\u00f3 que pugui ser de l\u2019inter\u00e8s de l\u2019usuari. Les\u00a0<em>cookies<\/em>\u00a0no extreuen informaci\u00f3 del seu ordinador, ni determinen on \u00e9s l\u2019usuari. Si, malgrat tot, l\u2019usuari no desitja que s&#8217;instal\u00b7li al seu disc dur una\u00a0cookie, demanem que configuri el navegador del seu ordinador per tal de no rebre\u2019n. No obstant aix\u00f2, li indiquem que, en tot cas, la qualitat del funcionament de la p\u00e0gina web pot disminuir.<\/p>\n\n\n\n<p>Amb la mateixa finalitat d&#8217;adequar als seus gustos els serveis i productes que se li ofereixen, aix\u00ed com per poder analitzar el funcionament del sistema, els moviments realitzats a trav\u00e9s de ordinador de l\u2019usuari quedaran registrats en un arxiu. Aquest arxiu de moviments permet a ESTYOFI S.L. localitzar les incid\u00e8ncies i problemes que puguin sorgir i solucionar-los en el menor temps possible, seguir oferint els serveis que ha demanat l\u2019usuari, con\u00e8ixer millor les seves prefer\u00e8ncies i oferir-li altres serveis i productes que puguin adequar-se als seus gustos.<\/p>\n\n\n\n<p>ESTYOFI S.L. es reserva la facultat de modificar aquesta Pol\u00edtica de Privadesa per adaptar-la a les novetats legislatives, jurisprudencials o d&#8217;interpretaci\u00f3 de l&#8217;Ag\u00e8ncia Espanyola de Protecci\u00f3 de Dades. En aquest cas, ESTYOFI S.L. anunciar\u00e0 aquests canvis indicant clarament i amb la deguda antelaci\u00f3 les modificacions efectuades, i demanant, si s&#8217;escau, l\u2019acceptaci\u00f3 d&#8217;aquests canvis per part de l\u2019usuari.<\/p>","protected":false},"excerpt":{"rendered":"<p>Amb la finalitat de poder adequar els serveis que s\u2019ofereixen a l\u2019usuari als seus gustos i prefer\u00e8ncies, ESTYOFI S.L. utilitzar\u00e0\u00a0cookies o galetes. Les galetes s\u00f3n fitxers de text que els servidors envien al disc dur per facilitar a l\u2019ordinador un acc\u00e9s m\u00e9s r\u00e0pid a la p\u00e0gina web seleccionada. La finalitat de les\u00a0cookies\u00a0d&#8217;ESTYOFI S.L. \u00e9s personalitzar els serveis que oferim, facilitant informaci\u00f3 que pugui ser de l\u2019inter\u00e8s de l\u2019usuari. Les\u00a0cookies\u00a0no extreuen informaci\u00f3 del seu ordinador, ni determinen on \u00e9s l\u2019usuari. Si, malgrat tot, l\u2019usuari no desitja que s&#8217;instal\u00b7li al seu disc dur una\u00a0cookie, demanem que configuri el navegador del seu ordinador per tal de no rebre\u2019n. No obstant aix\u00f2, li indiquem que, en tot cas, la qualitat del funcionament de la [&hellip;]<\/p>","protected":false},"author":1,"featured_media":0,"parent":0,"menu_order":0,"comment_status":"closed","ping_status":"closed","template":"","meta":{"_exactmetrics_skip_tracking":false,"_exactmetrics_sitenote_active":false,"_exactmetrics_sitenote_note":"","_exactmetrics_sitenote_category":0,"footnotes":""},"class_list":["post-2051","page","type-page","status-publish","hentry"],"mb":[],"mfb_rest_fields":["title"],"_links":{"self":[{"href":"https:\/\/www.busclassic.org\/pt\/wp-json\/wp\/v2\/pages\/2051","targetHints":{"allow":["GET"]}}],"collection":[{"href":"https:\/\/www.busclassic.org\/pt\/wp-json\/wp\/v2\/pages"}],"about":[{"href":"https:\/\/www.busclassic.org\/pt\/wp-json\/wp\/v2\/types\/page"}],"author":[{"embeddable":true,"href":"https:\/\/www.busclassic.org\/pt\/wp-json\/wp\/v2\/users\/1"}],"replies":[{"embeddable":true,"href":"https:\/\/www.busclassic.org\/pt\/wp-json\/wp\/v2\/comments?post=2051"}],"version-history":[{"count":6,"href":"https:\/\/www.busclassic.org\/pt\/wp-json\/wp\/v2\/pages\/2051\/revisions"}],"predecessor-version":[{"id":2688,"href":"https:\/\/www.busclassic.org\/pt\/wp-json\/wp\/v2\/pages\/2051\/revisions\/2688"}],"wp:attachment":[{"href":"https:\/\/www.busclassic.org\/pt\/wp-json\/wp\/v2\/media?parent=2051"}],"curies":[{"name":"wp","href":"https:\/\/api.w.org\/{rel}","templated":true}]}}